{"id":168,"date":"2016-05-08T13:06:55","date_gmt":"2016-05-08T13:06:55","guid":{"rendered":"https:\/\/oceanwp.org\/gym\/?page_id=168"},"modified":"2021-05-21T11:32:59","modified_gmt":"2021-05-21T09:32:59","slug":"trainers","status":"publish","type":"page","link":"https:\/\/somarketing.ovh\/index.php\/trainers\/","title":{"rendered":"Portfolio"},"content":{"rendered":"\t\t<div data-elementor-type=\"wp-page\" data-elementor-id=\"168\" class=\"elementor elementor-168\">\n\t\t\t\t\t\t\t\t\t<section class=\"elementor-section elementor-top-section elementor-element elementor-element-212a2ad elementor-section-boxed elementor-section-height-default elementor-section-height-default\" data-id=\"212a2ad\" data-element_type=\"section\">\n\t\t\t\t\t\t<div class=\"elementor-container elementor-column-gap-default\">\n\t\t\t\t\t<div class=\"elementor-column elementor-col-100 elementor-top-column elementor-element elementor-element-8e6a67c\" data-id=\"8e6a67c\" data-element_type=\"column\">\n\t\t\t<div class=\"elementor-widget-wrap elementor-element-populated\">\n\t\t\t\t\t\t\t\t<div class=\"elementor-element elementor-element-c19be21 elementor-widget elementor-widget-heading\" data-id=\"c19be21\" data-element_type=\"widget\" data-widget_type=\"heading.default\">\n\t\t\t\t<div class=\"elementor-widget-container\">\n\t\t\t<h2 class=\"elementor-heading-title elementor-size-default\">Portfolio<\/h2>\t\t<\/div>\n\t\t\t\t<\/div>\n\t\t\t\t\t<\/div>\n\t\t<\/div>\n\t\t\t\t\t\t\t<\/div>\n\t\t<\/section>\n\t\t\t\t<section class=\"elementor-section elementor-top-section elementor-element elementor-element-1deeb16 elementor-section-boxed elementor-section-height-default elementor-section-height-default\" data-id=\"1deeb16\" data-element_type=\"section\">\n\t\t\t\t\t\t<div class=\"elementor-container elementor-column-gap-default\">\n\t\t\t\t\t<div class=\"elementor-column elementor-col-100 elementor-top-column elementor-element elementor-element-fa5adca\" data-id=\"fa5adca\" data-element_type=\"column\">\n\t\t\t<div class=\"elementor-widget-wrap elementor-element-populated\">\n\t\t\t\t\t\t\t\t<div class=\"elementor-element elementor-element-340e0df elementor-widget elementor-widget-heading\" data-id=\"340e0df\" data-element_type=\"widget\" data-widget_type=\"heading.default\">\n\t\t\t\t<div class=\"elementor-widget-container\">\n\t\t\t<h2 class=\"elementor-heading-title elementor-size-default\">LES <br>PROJETS <br>R\u00c9ALIS\u00c9S<\/h2>\t\t<\/div>\n\t\t\t\t<\/div>\n\t\t\t\t\t<\/div>\n\t\t<\/div>\n\t\t\t\t\t\t\t<\/div>\n\t\t<\/section>\n\t\t\t\t<section class=\"elementor-section elementor-top-section elementor-element elementor-element-d991e60 elementor-section-boxed elementor-section-height-default elementor-section-height-default\" data-id=\"d991e60\" data-element_type=\"section\">\n\t\t\t\t\t\t<div class=\"elementor-container elementor-column-gap-default\">\n\t\t\t\t\t<div class=\"elementor-column elementor-col-50 elementor-top-column elementor-element elementor-element-e92bd4f\" data-id=\"e92bd4f\" data-element_type=\"column\">\n\t\t\t<div class=\"elementor-widget-wrap elementor-element-populated\">\n\t\t\t\t\t\t\t\t<div class=\"elementor-element elementor-element-3b701a0 elementor-widget elementor-widget-text-editor\" data-id=\"3b701a0\" data-element_type=\"widget\" data-widget_type=\"text-editor.default\">\n\t\t\t\t<div class=\"elementor-widget-container\">\n\t\t\t\t\t\t\t<ul><li><a href=\"https:\/\/somarketing.ovh\/wp-content\/uploads\/2021\/05\/Presentation-Blune-finale.pdf\">Strat\u00e9gie \u00e9ditoriale<\/a><\/li><li><a href=\"https:\/\/somarketing.ovh\/wp-content\/uploads\/2021\/05\/Sofive-event-version-courte1.pptx\">Lancement d&rsquo;une startup<\/a><\/li><li><a href=\"https:\/\/somarketing.ovh\/wp-content\/uploads\/2021\/05\/Presentation-hotel-du-louvre-04.08.pdf\">Campagne d&rsquo;acquisition<\/a>\u00a0<\/li><\/ul>\t\t\t\t\t\t<\/div>\n\t\t\t\t<\/div>\n\t\t\t\t\t<\/div>\n\t\t<\/div>\n\t\t\t\t<div class=\"elementor-column elementor-col-50 elementor-top-column elementor-element elementor-element-22e12c3\" data-id=\"22e12c3\" data-element_type=\"column\">\n\t\t\t<div class=\"elementor-widget-wrap elementor-element-populated\">\n\t\t\t\t\t\t\t\t<div class=\"elementor-element elementor-element-4a79011 elementor-widget elementor-widget-text-editor\" data-id=\"4a79011\" data-element_type=\"widget\" data-widget_type=\"text-editor.default\">\n\t\t\t\t<div class=\"elementor-widget-container\">\n\t\t\t\t\t\t\t<ul><li><a href=\"https:\/\/somarketing.ovh\/wp-content\/uploads\/2021\/05\/version-courte-les-logiciels-bis-Enregistre-automatiquement-1.pdf\">\u00c9tude de march\u00e9<\/a><\/li><li><a href=\"https:\/\/somarketing.ovh\/wp-content\/uploads\/2021\/05\/P7-02-Soutenance-Electrolux.pdf\">Cr\u00e9ation d&rsquo;un mini site<\/a><\/li><li><a href=\"https:\/\/somarketing.ovh\/wp-content\/uploads\/2021\/05\/Projet-8-Nathalie-FABI.pdf\">Refonte d&rsquo;un site e-commerce<\/a><\/li><\/ul>\t\t\t\t\t\t<\/div>\n\t\t\t\t<\/div>\n\t\t\t\t\t<\/div>\n\t\t<\/div>\n\t\t\t\t\t\t\t<\/div>\n\t\t<\/section>\n\t\t\t\t<section class=\"elementor-section elementor-top-section elementor-element elementor-element-acd2536 elementor-section-boxed elementor-section-height-default elementor-section-height-default\" data-id=\"acd2536\" data-element_type=\"section\">\n\t\t\t\t\t\t<div class=\"elementor-container elementor-column-gap-default\">\n\t\t\t\t\t<div class=\"elementor-column elementor-col-100 elementor-top-column elementor-element elementor-element-91b01e2\" data-id=\"91b01e2\" data-element_type=\"column\">\n\t\t\t<div class=\"elementor-widget-wrap elementor-element-populated\">\n\t\t\t\t\t\t\t\t<div class=\"elementor-element elementor-element-b6517ad elementor-arrows-position-outside elementor-invisible elementor-widget elementor-widget-image-carousel\" data-id=\"b6517ad\" data-element_type=\"widget\" data-settings=\"{&quot;navigation&quot;:&quot;arrows&quot;,&quot;_animation&quot;:&quot;zoomIn&quot;,&quot;autoplay&quot;:&quot;yes&quot;,&quot;pause_on_hover&quot;:&quot;yes&quot;,&quot;pause_on_interaction&quot;:&quot;yes&quot;,&quot;autoplay_speed&quot;:5000,&quot;infinite&quot;:&quot;yes&quot;,&quot;speed&quot;:500}\" data-widget_type=\"image-carousel.default\">\n\t\t\t\t<div class=\"elementor-widget-container\">\n\t\t\t\t\t<div class=\"elementor-image-carousel-wrapper swiper-container\" dir=\"ltr\">\n\t\t\t<div class=\"elementor-image-carousel swiper-wrapper\">\n\t\t\t\t\t\t\t\t<div class=\"swiper-slide\"><figure class=\"swiper-slide-inner\"><img decoding=\"async\" class=\"swiper-slide-image\" src=\"https:\/\/somarketing.ovh\/wp-content\/uploads\/2021\/05\/Capture-decran-2021-05-14-a-17.26.13-300x262.png\" alt=\"Campagne d&#039;acquisition\u00a0pour l&#039;h\u00f4tel\" \/><figcaption class=\"elementor-image-carousel-caption\">Campagne d'acquisition\u00a0pour l'h\u00f4tel <\/figcaption><\/figure><\/div><div class=\"swiper-slide\"><figure class=\"swiper-slide-inner\"><img decoding=\"async\" class=\"swiper-slide-image\" src=\"https:\/\/somarketing.ovh\/wp-content\/uploads\/2021\/05\/Capture-decran-2021-05-14-a-17.19.36-300x295.png\" alt=\"Cr\u00e9ation du mini site Electrolux\" \/><figcaption class=\"elementor-image-carousel-caption\">Cr\u00e9ation du mini site Electrolux<\/figcaption><\/figure><\/div><div class=\"swiper-slide\"><figure class=\"swiper-slide-inner\"><img decoding=\"async\" class=\"swiper-slide-image\" src=\"https:\/\/somarketing.ovh\/wp-content\/uploads\/2021\/05\/Capture-decran-2021-05-14-a-17.22.51-300x243.png\" alt=\"Refonte du site e commerce d&#039;une boutique de meubles\" \/><figcaption class=\"elementor-image-carousel-caption\">Refonte du site e commerce d'une boutique de meubles<\/figcaption><\/figure><\/div><div class=\"swiper-slide\"><figure class=\"swiper-slide-inner\"><img decoding=\"async\" class=\"swiper-slide-image\" src=\"https:\/\/somarketing.ovh\/wp-content\/uploads\/2021\/05\/Capture-decran-2021-05-14-a-17.08.18-300x300.png\" alt=\"Lancement d&#039;une start-up\" \/><figcaption class=\"elementor-image-carousel-caption\">Lancement d'une start-up<\/figcaption><\/figure><\/div><div class=\"swiper-slide\"><figure class=\"swiper-slide-inner\"><img decoding=\"async\" class=\"swiper-slide-image\" src=\"https:\/\/somarketing.ovh\/wp-content\/uploads\/2021\/05\/Capture-decran-2021-05-12-a-16.11.00-300x300.png\" alt=\"Strat\u00e9gie \u00e9ditoriale d&#039;une boutique de v\u00eatement\" \/><figcaption class=\"elementor-image-carousel-caption\">Strat\u00e9gie \u00e9ditoriale d'une boutique de v\u00eatement<\/figcaption><\/figure><\/div><div class=\"swiper-slide\"><figure class=\"swiper-slide-inner\"><img decoding=\"async\" class=\"swiper-slide-image\" src=\"https:\/\/somarketing.ovh\/wp-content\/uploads\/2021\/05\/Capture-decran-2021-05-13-a-00.19.58-300x230.png\" alt=\"\u00c9tude de march\u00e9 des logiciels de marketing automation\" \/><figcaption class=\"elementor-image-carousel-caption\">\u00c9tude de march\u00e9 des logiciels de marketing automation<\/figcaption><\/figure><\/div>\t\t\t<\/div>\n\t\t\t\t\t\t\t\t\t\t\t\t\t\t\t\t<div class=\"elementor-swiper-button elementor-swiper-button-prev\">\n\t\t\t\t\t\t<i aria-hidden=\"true\" class=\"eicon-chevron-left\"><\/i>\t\t\t\t\t\t<span class=\"elementor-screen-only\">Pr\u00e9c\u00e9dent<\/span>\n\t\t\t\t\t<\/div>\n\t\t\t\t\t<div class=\"elementor-swiper-button elementor-swiper-button-next\">\n\t\t\t\t\t\t<i aria-hidden=\"true\" class=\"eicon-chevron-right\"><\/i>\t\t\t\t\t\t<span class=\"elementor-screen-only\">Suivant<\/span>\n\t\t\t\t\t<\/div>\n\t\t\t\t\t\t\t\t\t<\/div>\n\t\t\t\t<\/div>\n\t\t\t\t<\/div>\n\t\t\t\t\t<\/div>\n\t\t<\/div>\n\t\t\t\t\t\t\t<\/div>\n\t\t<\/section>\n\t\t\t\t<section class=\"elementor-section elementor-top-section elementor-element elementor-element-4bedc0cc elementor-section-content-middle elementor-section-boxed elementor-section-height-default elementor-section-height-default\" data-id=\"4bedc0cc\" data-element_type=\"section\" data-settings=\"{&quot;background_background&quot;:&quot;classic&quot;}\">\n\t\t\t\t\t\t\t<div class=\"elementor-background-overlay\"><\/div>\n\t\t\t\t\t\t\t<div class=\"elementor-container elementor-column-gap-no\">\n\t\t\t\t\t<div class=\"elementor-column elementor-col-100 elementor-top-column elementor-element elementor-element-41b0e4c6\" data-id=\"41b0e4c6\" data-element_type=\"column\">\n\t\t\t<div class=\"elementor-widget-wrap elementor-element-populated\">\n\t\t\t\t\t\t\t\t<div class=\"elementor-element elementor-element-79127c06 elementor-widget elementor-widget-heading\" data-id=\"79127c06\" data-element_type=\"widget\" data-widget_type=\"heading.default\">\n\t\t\t\t<div class=\"elementor-widget-container\">\n\t\t\t<h4 class=\"elementor-heading-title elementor-size-default\">Un projet \u00e0 r\u00e9aliser ?<\/h4>\t\t<\/div>\n\t\t\t\t<\/div>\n\t\t\t\t<div class=\"elementor-element elementor-element-91d2bed elementor-align-center elementor-widget elementor-widget-button\" data-id=\"91d2bed\" data-element_type=\"widget\" data-widget_type=\"button.default\">\n\t\t\t\t<div class=\"elementor-widget-container\">\n\t\t\t\t\t<div class=\"elementor-button-wrapper\">\n\t\t\t<a href=\"https:\/\/somarketing.ovh\/index.php\/contact-us\/\" class=\"elementor-button-link elementor-button elementor-size-sm\" role=\"button\">\n\t\t\t\t\t\t<span class=\"elementor-button-content-wrapper\">\n\t\t\t\t\t\t\t<span class=\"elementor-button-icon elementor-align-icon-left\">\n\t\t\t\t<i aria-hidden=\"true\" class=\"fas fa-angle-double-right\"><\/i>\t\t\t<\/span>\n\t\t\t\t\t\t<span class=\"elementor-button-text\">Contactez moi<\/span>\n\t\t<\/span>\n\t\t\t\t\t<\/a>\n\t\t<\/div>\n\t\t\t\t<\/div>\n\t\t\t\t<\/div>\n\t\t\t\t\t<\/div>\n\t\t<\/div>\n\t\t\t\t\t\t\t<\/div>\n\t\t<\/section>\n\t\t\t\t\t\t\t<\/div>\n\t\t","protected":false},"excerpt":{"rendered":"<p>Portfolio LES PROJETS R\u00c9ALIS\u00c9S Strat\u00e9gie \u00e9ditoriale Lancement d&rsquo;une startup Campagne d&rsquo;acquisition\u00a0 \u00c9tude de march\u00e9 Cr\u00e9ation d&rsquo;un mini site Refonte d&rsquo;un site e-commerce Campagne d&rsquo;acquisition\u00a0pour l&rsquo;h\u00f4tel Cr\u00e9ation du mini site Electrolux Refonte du site e commerce d&rsquo;une boutique de meubles Lancement d&rsquo;une start-up Strat\u00e9gie \u00e9ditoriale d&rsquo;une boutique de v\u00eatement \u00c9tude de march\u00e9 des logiciels de marketing [&hellip;]<\/p>\n","protected":false},"author":1,"featured_media":0,"parent":0,"menu_order":0,"comment_status":"closed","ping_status":"closed","template":"","meta":[],"yoast_head":"<!-- This site is optimized with the Yoast SEO plugin v19.10 - https:\/\/yoast.com\/wordpress\/plugins\/seo\/ -->\n<title>Portfolio | Somarketing<\/title>\n<meta name=\"robots\" content=\"index, follow, max-snippet:-1, max-image-preview:large, max-video-preview:-1\" \/>\n<link rel=\"canonical\" href=\"https:\/\/somarketing.ovh\/index.php\/trainers\/\" \/>\n<meta property=\"og:locale\" content=\"fr_FR\" \/>\n<meta property=\"og:type\" content=\"article\" \/>\n<meta property=\"og:title\" content=\"Portfolio | Somarketing\" \/>\n<meta property=\"og:description\" content=\"Portfolio LES PROJETS R\u00c9ALIS\u00c9S Strat\u00e9gie \u00e9ditoriale Lancement d&rsquo;une startup Campagne d&rsquo;acquisition\u00a0 \u00c9tude de march\u00e9 Cr\u00e9ation d&rsquo;un mini site Refonte d&rsquo;un site e-commerce Campagne d&rsquo;acquisition\u00a0pour l&rsquo;h\u00f4tel Cr\u00e9ation du mini site Electrolux Refonte du site e commerce d&rsquo;une boutique de meubles Lancement d&rsquo;une start-up Strat\u00e9gie \u00e9ditoriale d&rsquo;une boutique de v\u00eatement \u00c9tude de march\u00e9 des logiciels de marketing [&hellip;]\" \/>\n<meta property=\"og:url\" content=\"https:\/\/somarketing.ovh\/index.php\/trainers\/\" \/>\n<meta property=\"og:site_name\" content=\"Somarketing\" \/>\n<meta property=\"article:modified_time\" content=\"2021-05-21T09:32:59+00:00\" \/>\n<meta property=\"og:image\" content=\"https:\/\/somarketing.ovh\/wp-content\/uploads\/2021\/05\/Capture-decran-2021-05-14-a-17.26.13-300x262.png\" \/>\n<meta name=\"twitter:card\" content=\"summary_large_image\" \/>\n<meta name=\"twitter:label1\" content=\"Dur\u00e9e de lecture estim\u00e9e\" \/>\n\t<meta name=\"twitter:data1\" content=\"3 minutes\" \/>\n<script type=\"application\/ld+json\" class=\"yoast-schema-graph\">{\"@context\":\"https:\/\/schema.org\",\"@graph\":[{\"@type\":\"WebPage\",\"@id\":\"https:\/\/somarketing.ovh\/index.php\/trainers\/\",\"url\":\"https:\/\/somarketing.ovh\/index.php\/trainers\/\",\"name\":\"Portfolio | Somarketing\",\"isPartOf\":{\"@id\":\"https:\/\/somarketing.ovh\/#website\"},\"datePublished\":\"2016-05-08T13:06:55+00:00\",\"dateModified\":\"2021-05-21T09:32:59+00:00\",\"breadcrumb\":{\"@id\":\"https:\/\/somarketing.ovh\/index.php\/trainers\/#breadcrumb\"},\"inLanguage\":\"fr-FR\",\"potentialAction\":[{\"@type\":\"ReadAction\",\"target\":[\"https:\/\/somarketing.ovh\/index.php\/trainers\/\"]}]},{\"@type\":\"BreadcrumbList\",\"@id\":\"https:\/\/somarketing.ovh\/index.php\/trainers\/#breadcrumb\",\"itemListElement\":[{\"@type\":\"ListItem\",\"position\":1,\"name\":\"Accueil\",\"item\":\"https:\/\/somarketing.ovh\/\"},{\"@type\":\"ListItem\",\"position\":2,\"name\":\"Portfolio\"}]},{\"@type\":\"WebSite\",\"@id\":\"https:\/\/somarketing.ovh\/#website\",\"url\":\"https:\/\/somarketing.ovh\/\",\"name\":\"Somarketing\",\"description\":\"cr\u00e9ateur de valeur\",\"publisher\":{\"@id\":\"https:\/\/somarketing.ovh\/#\/schema\/person\/885fa5910706df3ecdb1067633bbb27a\"},\"potentialAction\":[{\"@type\":\"SearchAction\",\"target\":{\"@type\":\"EntryPoint\",\"urlTemplate\":\"https:\/\/somarketing.ovh\/?s={search_term_string}\"},\"query-input\":\"required name=search_term_string\"}],\"inLanguage\":\"fr-FR\"},{\"@type\":[\"Person\",\"Organization\"],\"@id\":\"https:\/\/somarketing.ovh\/#\/schema\/person\/885fa5910706df3ecdb1067633bbb27a\",\"name\":\"admin1823\",\"image\":{\"@type\":\"ImageObject\",\"inLanguage\":\"fr-FR\",\"@id\":\"https:\/\/somarketing.ovh\/#\/schema\/person\/image\/\",\"url\":\"https:\/\/somarketing.ovh\/wp-content\/uploads\/2021\/05\/2ND-SOMARKETING.BLANC_.png\",\"contentUrl\":\"https:\/\/somarketing.ovh\/wp-content\/uploads\/2021\/05\/2ND-SOMARKETING.BLANC_.png\",\"width\":500,\"height\":500,\"caption\":\"admin1823\"},\"logo\":{\"@id\":\"https:\/\/somarketing.ovh\/#\/schema\/person\/image\/\"},\"sameAs\":[\"http:\/\/somarketing.ovh\"]}]}<\/script>\n<!-- \/ Yoast SEO plugin. -->","yoast_head_json":{"title":"Portfolio | Somarketing","robots":{"index":"index","follow":"follow","max-snippet":"max-snippet:-1","max-image-preview":"max-image-preview:large","max-video-preview":"max-video-preview:-1"},"canonical":"https:\/\/somarketing.ovh\/index.php\/trainers\/","og_locale":"fr_FR","og_type":"article","og_title":"Portfolio | Somarketing","og_description":"Portfolio LES PROJETS R\u00c9ALIS\u00c9S Strat\u00e9gie \u00e9ditoriale Lancement d&rsquo;une startup Campagne d&rsquo;acquisition\u00a0 \u00c9tude de march\u00e9 Cr\u00e9ation d&rsquo;un mini site Refonte d&rsquo;un site e-commerce Campagne d&rsquo;acquisition\u00a0pour l&rsquo;h\u00f4tel Cr\u00e9ation du mini site Electrolux Refonte du site e commerce d&rsquo;une boutique de meubles Lancement d&rsquo;une start-up Strat\u00e9gie \u00e9ditoriale d&rsquo;une boutique de v\u00eatement \u00c9tude de march\u00e9 des logiciels de marketing [&hellip;]","og_url":"https:\/\/somarketing.ovh\/index.php\/trainers\/","og_site_name":"Somarketing","article_modified_time":"2021-05-21T09:32:59+00:00","og_image":[{"url":"https:\/\/somarketing.ovh\/wp-content\/uploads\/2021\/05\/Capture-decran-2021-05-14-a-17.26.13-300x262.png"}],"twitter_card":"summary_large_image","twitter_misc":{"Dur\u00e9e de lecture estim\u00e9e":"3 minutes"},"schema":{"@context":"https:\/\/schema.org","@graph":[{"@type":"WebPage","@id":"https:\/\/somarketing.ovh\/index.php\/trainers\/","url":"https:\/\/somarketing.ovh\/index.php\/trainers\/","name":"Portfolio | Somarketing","isPartOf":{"@id":"https:\/\/somarketing.ovh\/#website"},"datePublished":"2016-05-08T13:06:55+00:00","dateModified":"2021-05-21T09:32:59+00:00","breadcrumb":{"@id":"https:\/\/somarketing.ovh\/index.php\/trainers\/#breadcrumb"},"inLanguage":"fr-FR","potentialAction":[{"@type":"ReadAction","target":["https:\/\/somarketing.ovh\/index.php\/trainers\/"]}]},{"@type":"BreadcrumbList","@id":"https:\/\/somarketing.ovh\/index.php\/trainers\/#breadcrumb","itemListElement":[{"@type":"ListItem","position":1,"name":"Accueil","item":"https:\/\/somarketing.ovh\/"},{"@type":"ListItem","position":2,"name":"Portfolio"}]},{"@type":"WebSite","@id":"https:\/\/somarketing.ovh\/#website","url":"https:\/\/somarketing.ovh\/","name":"Somarketing","description":"cr\u00e9ateur de valeur","publisher":{"@id":"https:\/\/somarketing.ovh\/#\/schema\/person\/885fa5910706df3ecdb1067633bbb27a"},"potentialAction":[{"@type":"SearchAction","target":{"@type":"EntryPoint","urlTemplate":"https:\/\/somarketing.ovh\/?s={search_term_string}"},"query-input":"required name=search_term_string"}],"inLanguage":"fr-FR"},{"@type":["Person","Organization"],"@id":"https:\/\/somarketing.ovh\/#\/schema\/person\/885fa5910706df3ecdb1067633bbb27a","name":"admin1823","image":{"@type":"ImageObject","inLanguage":"fr-FR","@id":"https:\/\/somarketing.ovh\/#\/schema\/person\/image\/","url":"https:\/\/somarketing.ovh\/wp-content\/uploads\/2021\/05\/2ND-SOMARKETING.BLANC_.png","contentUrl":"https:\/\/somarketing.ovh\/wp-content\/uploads\/2021\/05\/2ND-SOMARKETING.BLANC_.png","width":500,"height":500,"caption":"admin1823"},"logo":{"@id":"https:\/\/somarketing.ovh\/#\/schema\/person\/image\/"},"sameAs":["http:\/\/somarketing.ovh"]}]}},"_links":{"self":[{"href":"https:\/\/somarketing.ovh\/index.php\/wp-json\/wp\/v2\/pages\/168"}],"collection":[{"href":"https:\/\/somarketing.ovh\/index.php\/wp-json\/wp\/v2\/pages"}],"about":[{"href":"https:\/\/somarketing.ovh\/index.php\/wp-json\/wp\/v2\/types\/page"}],"author":[{"embeddable":true,"href":"https:\/\/somarketing.ovh\/index.php\/wp-json\/wp\/v2\/users\/1"}],"replies":[{"embeddable":true,"href":"https:\/\/somarketing.ovh\/index.php\/wp-json\/wp\/v2\/comments?post=168"}],"version-history":[{"count":124,"href":"https:\/\/somarketing.ovh\/index.php\/wp-json\/wp\/v2\/pages\/168\/revisions"}],"predecessor-version":[{"id":1227,"href":"https:\/\/somarketing.ovh\/index.php\/wp-json\/wp\/v2\/pages\/168\/revisions\/1227"}],"wp:attachment":[{"href":"https:\/\/somarketing.ovh\/index.php\/wp-json\/wp\/v2\/media?parent=168"}],"curies":[{"name":"wp","href":"https:\/\/api.w.org\/{rel}","templated":true}]}}