{"id":189,"date":"2016-05-08T17:22:51","date_gmt":"2016-05-08T17:22:51","guid":{"rendered":"https:\/\/oceanwp.org\/gym\/?page_id=189"},"modified":"2021-06-17T22:09:11","modified_gmt":"2021-06-17T20:09:11","slug":"about-us","status":"publish","type":"page","link":"https:\/\/somarketing.ovh\/index.php\/about-us\/","title":{"rendered":"Qui suis-je?"},"content":{"rendered":"\t\t<div data-elementor-type=\"wp-page\" data-elementor-id=\"189\" class=\"elementor elementor-189\">\n\t\t\t\t\t\t\t\t\t<section class=\"elementor-section elementor-top-section elementor-element elementor-element-zmkisfp elementor-section-boxed elementor-section-height-default elementor-section-height-default\" data-id=\"zmkisfp\" data-element_type=\"section\">\n\t\t\t\t\t\t<div class=\"elementor-container elementor-column-gap-default\">\n\t\t\t\t\t<div class=\"elementor-column elementor-col-33 elementor-top-column elementor-element elementor-element-xhopvah\" data-id=\"xhopvah\" data-element_type=\"column\">\n\t\t\t<div class=\"elementor-widget-wrap\">\n\t\t\t\t\t\t\t\t\t<\/div>\n\t\t<\/div>\n\t\t\t\t<div class=\"elementor-column elementor-col-33 elementor-top-column elementor-element elementor-element-oexsiwn\" data-id=\"oexsiwn\" data-element_type=\"column\">\n\t\t\t<div class=\"elementor-widget-wrap elementor-element-populated\">\n\t\t\t\t\t\t\t\t<div class=\"elementor-element elementor-element-p5cs9oh elementor-widget elementor-widget-heading\" data-id=\"p5cs9oh\" data-element_type=\"widget\" data-widget_type=\"heading.default\">\n\t\t\t\t<div class=\"elementor-widget-container\">\n\t\t\t<h2 class=\"elementor-heading-title elementor-size-default\"><br>QUI SUIS-JE ?<\/h2>\t\t<\/div>\n\t\t\t\t<\/div>\n\t\t\t\t\t<\/div>\n\t\t<\/div>\n\t\t\t\t<div class=\"elementor-column elementor-col-33 elementor-top-column elementor-element elementor-element-trzegqp\" data-id=\"trzegqp\" data-element_type=\"column\">\n\t\t\t<div class=\"elementor-widget-wrap\">\n\t\t\t\t\t\t\t\t\t<\/div>\n\t\t<\/div>\n\t\t\t\t\t\t\t<\/div>\n\t\t<\/section>\n\t\t\t\t<section class=\"elementor-section elementor-top-section elementor-element elementor-element-noyfdwx elementor-section-content-middle elementor-section-boxed elementor-section-height-default elementor-section-height-default\" data-id=\"noyfdwx\" data-element_type=\"section\" data-settings=\"{&quot;background_background&quot;:&quot;classic&quot;}\">\n\t\t\t\t\t\t<div class=\"elementor-container elementor-column-gap-default\">\n\t\t\t\t\t<div class=\"elementor-column elementor-col-50 elementor-top-column elementor-element elementor-element-jtttojh\" data-id=\"jtttojh\" data-element_type=\"column\">\n\t\t\t<div class=\"elementor-widget-wrap elementor-element-populated\">\n\t\t\t\t\t\t\t\t<div class=\"elementor-element elementor-element-0ddnl9z elementor-widget elementor-widget-image\" data-id=\"0ddnl9z\" data-element_type=\"widget\" data-widget_type=\"image.default\">\n\t\t\t\t<div class=\"elementor-widget-container\">\n\t\t\t\t\t\t\t\t\t\t\t\t\t\t\t<img decoding=\"async\" width=\"768\" height=\"785\" src=\"https:\/\/somarketing.ovh\/wp-content\/uploads\/2021\/05\/Capture-decran-2021-05-10-a-22.49.42-768x785.png\" class=\"attachment-medium_large size-medium_large\" alt=\"\" loading=\"lazy\" srcset=\"https:\/\/somarketing.ovh\/wp-content\/uploads\/2021\/05\/Capture-decran-2021-05-10-a-22.49.42-768x785.png 768w, https:\/\/somarketing.ovh\/wp-content\/uploads\/2021\/05\/Capture-decran-2021-05-10-a-22.49.42-294x300.png 294w, https:\/\/somarketing.ovh\/wp-content\/uploads\/2021\/05\/Capture-decran-2021-05-10-a-22.49.42-1002x1024.png 1002w, https:\/\/somarketing.ovh\/wp-content\/uploads\/2021\/05\/Capture-decran-2021-05-10-a-22.49.42.png 1088w\" sizes=\"(max-width: 768px) 100vw, 768px\" \/>\t\t\t\t\t\t\t\t\t\t\t\t\t\t\t<\/div>\n\t\t\t\t<\/div>\n\t\t\t\t\t<\/div>\n\t\t<\/div>\n\t\t\t\t<div class=\"elementor-column elementor-col-50 elementor-top-column elementor-element elementor-element-mimo0cy\" data-id=\"mimo0cy\" data-element_type=\"column\">\n\t\t\t<div class=\"elementor-widget-wrap elementor-element-populated\">\n\t\t\t\t\t\t\t\t<div class=\"elementor-element elementor-element-dgtvzpm center-mobile elementor-widget elementor-widget-heading\" data-id=\"dgtvzpm\" data-element_type=\"widget\" data-widget_type=\"heading.default\">\n\t\t\t\t<div class=\"elementor-widget-container\">\n\t\t\t<h2 class=\"elementor-heading-title elementor-size-default\">Nathalie FABI<br>Marketing et communication freelance<\/h2>\t\t<\/div>\n\t\t\t\t<\/div>\n\t\t\t\t<div class=\"elementor-element elementor-element-0e0ecd6 elementor-view-default elementor-widget elementor-widget-icon\" data-id=\"0e0ecd6\" data-element_type=\"widget\" data-widget_type=\"icon.default\">\n\t\t\t\t<div class=\"elementor-widget-container\">\n\t\t\t\t\t<div class=\"elementor-icon-wrapper\">\n\t\t\t<div class=\"elementor-icon\">\n\t\t\t<i aria-hidden=\"true\" class=\"fas fa-quote-left\"><\/i>\t\t\t<\/div>\n\t\t<\/div>\n\t\t\t\t<\/div>\n\t\t\t\t<\/div>\n\t\t\t\t<div class=\"elementor-element elementor-element-cknmqsu center-mobile elementor-widget elementor-widget-text-editor\" data-id=\"cknmqsu\" data-element_type=\"widget\" data-widget_type=\"text-editor.default\">\n\t\t\t\t<div class=\"elementor-widget-container\">\n\t\t\t\t\t\t\t<p class=\"font_8\">Ce qui m&rsquo;anime avant tout c&rsquo;est la croissance de votre business dans ce\u00a0monde en mutation !<\/p>\t\t\t\t\t\t<\/div>\n\t\t\t\t<\/div>\n\t\t\t\t<div class=\"elementor-element elementor-element-0587011 elementor-view-default elementor-widget elementor-widget-icon\" data-id=\"0587011\" data-element_type=\"widget\" data-widget_type=\"icon.default\">\n\t\t\t\t<div class=\"elementor-widget-container\">\n\t\t\t\t\t<div class=\"elementor-icon-wrapper\">\n\t\t\t<div class=\"elementor-icon\">\n\t\t\t<i aria-hidden=\"true\" class=\"fas fa-quote-right\"><\/i>\t\t\t<\/div>\n\t\t<\/div>\n\t\t\t\t<\/div>\n\t\t\t\t<\/div>\n\t\t\t\t<div class=\"elementor-element elementor-element-9a2ofi4 elementor-position-left elementor-vertical-align-middle elementor-widget elementor-widget-image-box\" data-id=\"9a2ofi4\" data-element_type=\"widget\" data-widget_type=\"image-box.default\">\n\t\t\t\t<div class=\"elementor-widget-container\">\n\t\t\t<div class=\"elementor-image-box-wrapper\"><div class=\"elementor-image-box-content\"><h3 class=\"elementor-image-box-title\">MA MISSION<\/h3><p class=\"elementor-image-box-description\">Je suis directrice marketing et communication freelance, <br>J'\u00e9volue depuis une d\u00e9cennie dans le milieu du marketing. <br>J'ai cr\u00e9\u00e9 Somarketing afin de vous aider \u00e0 atteindre vos objectifs.<\/p><\/div><\/div>\t\t<\/div>\n\t\t\t\t<\/div>\n\t\t\t\t<div class=\"elementor-element elementor-element-e6tjzez elementor-position-left elementor-vertical-align-middle elementor-widget elementor-widget-image-box\" data-id=\"e6tjzez\" data-element_type=\"widget\" data-widget_type=\"image-box.default\">\n\t\t\t\t<div class=\"elementor-widget-container\">\n\t\t\t<div class=\"elementor-image-box-wrapper\"><div class=\"elementor-image-box-content\"><h3 class=\"elementor-image-box-title\">MON OBJECTIF<\/h3><p class=\"elementor-image-box-description\">Vous offrir une exp\u00e9rience positive et sans stress, tout au long de notre collaboration, en anticipant vos besoins et en allant au-del\u00e0 de vos attentes.<\/p><\/div><\/div>\t\t<\/div>\n\t\t\t\t<\/div>\n\t\t\t\t<div class=\"elementor-element elementor-element-sysyrhm elementor-position-left elementor-vertical-align-middle elementor-widget elementor-widget-image-box\" data-id=\"sysyrhm\" data-element_type=\"widget\" data-widget_type=\"image-box.default\">\n\t\t\t\t<div class=\"elementor-widget-container\">\n\t\t\t<div class=\"elementor-image-box-wrapper\"><div class=\"elementor-image-box-content\"><h3 class=\"elementor-image-box-title\">MON PARCOURS<\/h3><p class=\"elementor-image-box-description\">Apr\u00e8s des \u00e9tudes sup\u00e9rieures en biochimie, j'ai d\u00e9cid\u00e9 de me consacrer \u00e0 l'une de mes passions, le marketing et la communication et de me former \u00e0 ce m\u00e9tier.<\/p><\/div><\/div>\t\t<\/div>\n\t\t\t\t<\/div>\n\t\t\t\t\t<\/div>\n\t\t<\/div>\n\t\t\t\t\t\t\t<\/div>\n\t\t<\/section>\n\t\t\t\t<section class=\"elementor-section elementor-top-section elementor-element elementor-element-2b420f9 elementor-section-boxed elementor-section-height-default elementor-section-height-default\" data-id=\"2b420f9\" data-element_type=\"section\">\n\t\t\t\t\t\t<div class=\"elementor-container elementor-column-gap-default\">\n\t\t\t\t\t<div class=\"elementor-column elementor-col-100 elementor-top-column elementor-element elementor-element-ea6585d\" data-id=\"ea6585d\" data-element_type=\"column\">\n\t\t\t<div class=\"elementor-widget-wrap elementor-element-populated\">\n\t\t\t\t\t\t\t\t<div class=\"elementor-element elementor-element-8cbea21 elementor-widget elementor-widget-text-editor\" data-id=\"8cbea21\" data-element_type=\"widget\" data-widget_type=\"text-editor.default\">\n\t\t\t\t<div class=\"elementor-widget-container\">\n\t\t\t\t\t\t\t<p>\u00a0<\/p><p>J\u2019aide les entreprises \u00e0 d\u00e9velopper leur notori\u00e9t\u00e9,<\/p><p>\u00e0 am\u00e9liorer leur image de marque<\/p><p>et \u00e0 toucher directement leurs futurs clients,<\/p><p>notamment gr\u00e2ce \u00e0 Internet.<\/p><p>Je propose \u00e0 mes clients des strat\u00e9gies r\u00e9fl\u00e9chies, sur mesure,<\/p><p>adapt\u00e9es \u00e0 leurs objectifs ainsi qu\u2019\u00e0 leur budget.<\/p>\t\t\t\t\t\t<\/div>\n\t\t\t\t<\/div>\n\t\t\t\t\t<\/div>\n\t\t<\/div>\n\t\t\t\t\t\t\t<\/div>\n\t\t<\/section>\n\t\t\t\t<section class=\"elementor-section elementor-top-section elementor-element elementor-element-etjgede elementor-section-boxed elementor-section-height-default elementor-section-height-default\" data-id=\"etjgede\" data-element_type=\"section\">\n\t\t\t\t\t\t<div class=\"elementor-container elementor-column-gap-default\">\n\t\t\t\t\t<div class=\"elementor-column elementor-col-33 elementor-top-column elementor-element elementor-element-iy3t4yi\" data-id=\"iy3t4yi\" data-element_type=\"column\">\n\t\t\t<div class=\"elementor-widget-wrap elementor-element-populated\">\n\t\t\t\t\t\t\t\t<div class=\"elementor-element elementor-element-z7kcv3a elementor-view-stacked elementor-shape-circle elementor-mobile-position-top elementor-vertical-align-top elementor-widget elementor-widget-icon-box\" data-id=\"z7kcv3a\" data-element_type=\"widget\" data-widget_type=\"icon-box.default\">\n\t\t\t\t<div class=\"elementor-widget-container\">\n\t\t\t\t\t<div class=\"elementor-icon-box-wrapper\">\n\t\t\t\t\t\t<div class=\"elementor-icon-box-icon\">\n\t\t\t\t<span class=\"elementor-icon elementor-animation-\" >\n\t\t\t\t<i aria-hidden=\"true\" class=\"fas fa-cogs\"><\/i>\t\t\t\t<\/span>\n\t\t\t<\/div>\n\t\t\t\t\t\t<div class=\"elementor-icon-box-content\">\n\t\t\t\t<h3 class=\"elementor-icon-box-title\">\n\t\t\t\t\t<span  >\n\t\t\t\t\t\tSTRAT\u00c9GIE MARKETING\t\t\t\t\t<\/span>\n\t\t\t\t<\/h3>\n\t\t\t\t\t\t\t\t\t<p class=\"elementor-icon-box-description\">\n\t\t\t\t\t\tEtude de march\u00e9, \u00e9tude concurrence <br>et e-r\u00e9putation, audit de site, conseil en marketing\t\t\t\t\t<\/p>\n\t\t\t\t\t\t\t<\/div>\n\t\t<\/div>\n\t\t\t\t<\/div>\n\t\t\t\t<\/div>\n\t\t\t\t\t<\/div>\n\t\t<\/div>\n\t\t\t\t<div class=\"elementor-column elementor-col-33 elementor-top-column elementor-element elementor-element-2pa4eoz\" data-id=\"2pa4eoz\" data-element_type=\"column\">\n\t\t\t<div class=\"elementor-widget-wrap elementor-element-populated\">\n\t\t\t\t\t\t\t\t<div class=\"elementor-element elementor-element-qbqfn14 elementor-view-stacked elementor-shape-circle elementor-mobile-position-top elementor-vertical-align-top elementor-widget elementor-widget-icon-box\" data-id=\"qbqfn14\" data-element_type=\"widget\" data-widget_type=\"icon-box.default\">\n\t\t\t\t<div class=\"elementor-widget-container\">\n\t\t\t\t\t<div class=\"elementor-icon-box-wrapper\">\n\t\t\t\t\t\t<div class=\"elementor-icon-box-icon\">\n\t\t\t\t<span class=\"elementor-icon elementor-animation-\" >\n\t\t\t\t<i aria-hidden=\"true\" class=\"fab fa-google\"><\/i>\t\t\t\t<\/span>\n\t\t\t<\/div>\n\t\t\t\t\t\t<div class=\"elementor-icon-box-content\">\n\t\t\t\t<h3 class=\"elementor-icon-box-title\">\n\t\t\t\t\t<span  >\n\t\t\t\t\t\tMARKETING DIGITAL\t\t\t\t\t<\/span>\n\t\t\t\t<\/h3>\n\t\t\t\t\t\t\t\t\t<p class=\"elementor-icon-box-description\">\n\t\t\t\t\t\tR\u00e9f\u00e9rencement SEO \/ SEA, marketing automation, emailing, community management, marketing de contenu\t\t\t\t\t<\/p>\n\t\t\t\t\t\t\t<\/div>\n\t\t<\/div>\n\t\t\t\t<\/div>\n\t\t\t\t<\/div>\n\t\t\t\t\t<\/div>\n\t\t<\/div>\n\t\t\t\t<div class=\"elementor-column elementor-col-33 elementor-top-column elementor-element elementor-element-bictysq\" data-id=\"bictysq\" data-element_type=\"column\">\n\t\t\t<div class=\"elementor-widget-wrap elementor-element-populated\">\n\t\t\t\t\t\t\t\t<div class=\"elementor-element elementor-element-hi8sl8b elementor-view-stacked elementor-shape-circle elementor-mobile-position-top elementor-vertical-align-top elementor-widget elementor-widget-icon-box\" data-id=\"hi8sl8b\" data-element_type=\"widget\" data-widget_type=\"icon-box.default\">\n\t\t\t\t<div class=\"elementor-widget-container\">\n\t\t\t\t\t<div class=\"elementor-icon-box-wrapper\">\n\t\t\t\t\t\t<div class=\"elementor-icon-box-icon\">\n\t\t\t\t<span class=\"elementor-icon elementor-animation-\" >\n\t\t\t\t<i aria-hidden=\"true\" class=\"fas fa-bullhorn\"><\/i>\t\t\t\t<\/span>\n\t\t\t<\/div>\n\t\t\t\t\t\t<div class=\"elementor-icon-box-content\">\n\t\t\t\t<h3 class=\"elementor-icon-box-title\">\n\t\t\t\t\t<span  >\n\t\t\t\t\t\tCOMMUNICATION\t\t\t\t\t<\/span>\n\t\t\t\t<\/h3>\n\t\t\t\t\t\t\t\t\t<p class=\"elementor-icon-box-description\">\n\t\t\t\t\t\tCr\u00e9ation de supports, plans m\u00e9dias et hors m\u00e9dias, calendrier d'actions communication\t\t\t\t\t<\/p>\n\t\t\t\t\t\t\t<\/div>\n\t\t<\/div>\n\t\t\t\t<\/div>\n\t\t\t\t<\/div>\n\t\t\t\t\t<\/div>\n\t\t<\/div>\n\t\t\t\t\t\t\t<\/div>\n\t\t<\/section>\n\t\t\t\t<section class=\"elementor-section elementor-top-section elementor-element elementor-element-7f46ec7 elementor-section-boxed elementor-section-height-default elementor-section-height-default\" data-id=\"7f46ec7\" data-element_type=\"section\">\n\t\t\t\t\t\t<div class=\"elementor-container elementor-column-gap-default\">\n\t\t\t\t\t<div class=\"elementor-column elementor-col-50 elementor-top-column elementor-element elementor-element-4b7aa5c\" data-id=\"4b7aa5c\" data-element_type=\"column\">\n\t\t\t<div class=\"elementor-widget-wrap elementor-element-populated\">\n\t\t\t\t\t\t\t\t<div class=\"elementor-element elementor-element-2ba4d4d elementor-button-info elementor-align-center elementor-widget elementor-widget-button\" data-id=\"2ba4d4d\" data-element_type=\"widget\" data-widget_type=\"button.default\">\n\t\t\t\t<div class=\"elementor-widget-container\">\n\t\t\t\t\t<div class=\"elementor-button-wrapper\">\n\t\t\t<a href=\"https:\/\/somarketing.ovh\/wp-content\/uploads\/2021\/05\/n4.pdf\" class=\"elementor-button-link elementor-button elementor-size-sm\" role=\"button\">\n\t\t\t\t\t\t<span class=\"elementor-button-content-wrapper\">\n\t\t\t\t\t\t\t<span class=\"elementor-button-icon elementor-align-icon-left\">\n\t\t\t\t<i aria-hidden=\"true\" class=\"far fa-hand-point-right\"><\/i>\t\t\t<\/span>\n\t\t\t\t\t\t<span class=\"elementor-button-text\">Consulter mon CV<\/span>\n\t\t<\/span>\n\t\t\t\t\t<\/a>\n\t\t<\/div>\n\t\t\t\t<\/div>\n\t\t\t\t<\/div>\n\t\t\t\t\t<\/div>\n\t\t<\/div>\n\t\t\t\t<div class=\"elementor-column elementor-col-50 elementor-top-column elementor-element elementor-element-92273d4\" data-id=\"92273d4\" data-element_type=\"column\">\n\t\t\t<div class=\"elementor-widget-wrap elementor-element-populated\">\n\t\t\t\t\t\t\t\t<div class=\"elementor-element elementor-element-de6a455 elementor-align-center elementor-widget elementor-widget-button\" data-id=\"de6a455\" data-element_type=\"widget\" data-widget_type=\"button.default\">\n\t\t\t\t<div class=\"elementor-widget-container\">\n\t\t\t\t\t<div class=\"elementor-button-wrapper\">\n\t\t\t<a href=\"https:\/\/www.linkedin.com\/in\/nathalie-fabi-36b4bb32\/\" class=\"elementor-button-link elementor-button elementor-size-sm\" role=\"button\">\n\t\t\t\t\t\t<span class=\"elementor-button-content-wrapper\">\n\t\t\t\t\t\t\t<span class=\"elementor-button-icon elementor-align-icon-left\">\n\t\t\t\t<i aria-hidden=\"true\" class=\"fab fa-sistrix\"><\/i>\t\t\t<\/span>\n\t\t\t\t\t\t<span class=\"elementor-button-text\">Mon profil Linkedin<\/span>\n\t\t<\/span>\n\t\t\t\t\t<\/a>\n\t\t<\/div>\n\t\t\t\t<\/div>\n\t\t\t\t<\/div>\n\t\t\t\t\t<\/div>\n\t\t<\/div>\n\t\t\t\t\t\t\t<\/div>\n\t\t<\/section>\n\t\t\t\t<section class=\"elementor-section elementor-top-section elementor-element elementor-element-75e185a2 elementor-section-content-middle elementor-section-boxed elementor-section-height-default elementor-section-height-default\" data-id=\"75e185a2\" data-element_type=\"section\">\n\t\t\t\t\t\t<div class=\"elementor-container elementor-column-gap-no\">\n\t\t\t\t\t<div class=\"elementor-column elementor-col-50 elementor-top-column elementor-element elementor-element-22db249\" data-id=\"22db249\" data-element_type=\"column\">\n\t\t\t<div class=\"elementor-widget-wrap elementor-element-populated\">\n\t\t\t\t\t\t\t\t<div class=\"elementor-element elementor-element-799c386d elementor-widget elementor-widget-heading\" data-id=\"799c386d\" data-element_type=\"widget\" data-widget_type=\"heading.default\">\n\t\t\t\t<div class=\"elementor-widget-container\">\n\t\t\t<h2 class=\"elementor-heading-title elementor-size-default\">Vous souhaitez un renseignement ? <\/h2>\t\t<\/div>\n\t\t\t\t<\/div>\n\t\t\t\t\t<\/div>\n\t\t<\/div>\n\t\t\t\t<div class=\"elementor-column elementor-col-50 elementor-top-column elementor-element elementor-element-35dd7533\" data-id=\"35dd7533\" data-element_type=\"column\">\n\t\t\t<div class=\"elementor-widget-wrap elementor-element-populated\">\n\t\t\t\t\t\t\t\t<div class=\"elementor-element elementor-element-fe4d1d7 elementor-align-left elementor-mobile-align-center elementor-widget elementor-widget-button\" data-id=\"fe4d1d7\" data-element_type=\"widget\" data-widget_type=\"button.default\">\n\t\t\t\t<div class=\"elementor-widget-container\">\n\t\t\t\t\t<div class=\"elementor-button-wrapper\">\n\t\t\t<a href=\"https:\/\/somarketing.ovh\/index.php\/contact-us\/\" class=\"elementor-button-link elementor-button elementor-size-sm elementor-animation-grow\" role=\"button\">\n\t\t\t\t\t\t<span class=\"elementor-button-content-wrapper\">\n\t\t\t\t\t\t<span class=\"elementor-button-text\">Contactez moi<\/span>\n\t\t<\/span>\n\t\t\t\t\t<\/a>\n\t\t<\/div>\n\t\t\t\t<\/div>\n\t\t\t\t<\/div>\n\t\t\t\t\t<\/div>\n\t\t<\/div>\n\t\t\t\t\t\t\t<\/div>\n\t\t<\/section>\n\t\t\t\t\t\t\t<\/div>\n\t\t","protected":false},"excerpt":{"rendered":"<p>QUI SUIS-JE ? Nathalie FABIMarketing et communication freelance Ce qui m&rsquo;anime avant tout c&rsquo;est la croissance de votre business dans ce\u00a0monde en mutation ! MA MISSION Je suis directrice marketing et communication freelance, J&rsquo;\u00e9volue depuis une d\u00e9cennie dans le milieu du marketing. J&rsquo;ai cr\u00e9\u00e9 Somarketing afin de vous aider \u00e0 atteindre vos objectifs. MON OBJECTIF [&hellip;]<\/p>\n","protected":false},"author":1,"featured_media":0,"parent":0,"menu_order":0,"comment_status":"closed","ping_status":"closed","template":"","meta":[],"yoast_head":"<!-- This site is optimized with the Yoast SEO plugin v19.10 - https:\/\/yoast.com\/wordpress\/plugins\/seo\/ -->\n<title>Qui suis-je? | Somarketing<\/title>\n<meta name=\"robots\" content=\"index, follow, max-snippet:-1, max-image-preview:large, max-video-preview:-1\" \/>\n<link rel=\"canonical\" href=\"https:\/\/somarketing.ovh\/index.php\/about-us\/\" \/>\n<meta property=\"og:locale\" content=\"fr_FR\" \/>\n<meta property=\"og:type\" content=\"article\" \/>\n<meta property=\"og:title\" content=\"Qui suis-je? | Somarketing\" \/>\n<meta property=\"og:description\" content=\"QUI SUIS-JE ? Nathalie FABIMarketing et communication freelance Ce qui m&rsquo;anime avant tout c&rsquo;est la croissance de votre business dans ce\u00a0monde en mutation ! MA MISSION Je suis directrice marketing et communication freelance, J&rsquo;\u00e9volue depuis une d\u00e9cennie dans le milieu du marketing. J&rsquo;ai cr\u00e9\u00e9 Somarketing afin de vous aider \u00e0 atteindre vos objectifs. MON OBJECTIF [&hellip;]\" \/>\n<meta property=\"og:url\" content=\"https:\/\/somarketing.ovh\/index.php\/about-us\/\" \/>\n<meta property=\"og:site_name\" content=\"Somarketing\" \/>\n<meta property=\"article:modified_time\" content=\"2021-06-17T20:09:11+00:00\" \/>\n<meta property=\"og:image\" content=\"https:\/\/somarketing.ovh\/wp-content\/uploads\/2021\/05\/Capture-decran-2021-05-10-a-22.49.42-768x785.png\" \/>\n<meta name=\"twitter:card\" content=\"summary_large_image\" \/>\n<meta name=\"twitter:label1\" content=\"Dur\u00e9e de lecture estim\u00e9e\" \/>\n\t<meta name=\"twitter:data1\" content=\"2 minutes\" \/>\n<script type=\"application\/ld+json\" class=\"yoast-schema-graph\">{\"@context\":\"https:\/\/schema.org\",\"@graph\":[{\"@type\":\"WebPage\",\"@id\":\"https:\/\/somarketing.ovh\/index.php\/about-us\/\",\"url\":\"https:\/\/somarketing.ovh\/index.php\/about-us\/\",\"name\":\"Qui suis-je? | Somarketing\",\"isPartOf\":{\"@id\":\"https:\/\/somarketing.ovh\/#website\"},\"datePublished\":\"2016-05-08T17:22:51+00:00\",\"dateModified\":\"2021-06-17T20:09:11+00:00\",\"breadcrumb\":{\"@id\":\"https:\/\/somarketing.ovh\/index.php\/about-us\/#breadcrumb\"},\"inLanguage\":\"fr-FR\",\"potentialAction\":[{\"@type\":\"ReadAction\",\"target\":[\"https:\/\/somarketing.ovh\/index.php\/about-us\/\"]}]},{\"@type\":\"BreadcrumbList\",\"@id\":\"https:\/\/somarketing.ovh\/index.php\/about-us\/#breadcrumb\",\"itemListElement\":[{\"@type\":\"ListItem\",\"position\":1,\"name\":\"Accueil\",\"item\":\"https:\/\/somarketing.ovh\/\"},{\"@type\":\"ListItem\",\"position\":2,\"name\":\"Qui suis-je?\"}]},{\"@type\":\"WebSite\",\"@id\":\"https:\/\/somarketing.ovh\/#website\",\"url\":\"https:\/\/somarketing.ovh\/\",\"name\":\"Somarketing\",\"description\":\"cr\u00e9ateur de valeur\",\"publisher\":{\"@id\":\"https:\/\/somarketing.ovh\/#\/schema\/person\/885fa5910706df3ecdb1067633bbb27a\"},\"potentialAction\":[{\"@type\":\"SearchAction\",\"target\":{\"@type\":\"EntryPoint\",\"urlTemplate\":\"https:\/\/somarketing.ovh\/?s={search_term_string}\"},\"query-input\":\"required name=search_term_string\"}],\"inLanguage\":\"fr-FR\"},{\"@type\":[\"Person\",\"Organization\"],\"@id\":\"https:\/\/somarketing.ovh\/#\/schema\/person\/885fa5910706df3ecdb1067633bbb27a\",\"name\":\"admin1823\",\"image\":{\"@type\":\"ImageObject\",\"inLanguage\":\"fr-FR\",\"@id\":\"https:\/\/somarketing.ovh\/#\/schema\/person\/image\/\",\"url\":\"https:\/\/somarketing.ovh\/wp-content\/uploads\/2021\/05\/2ND-SOMARKETING.BLANC_.png\",\"contentUrl\":\"https:\/\/somarketing.ovh\/wp-content\/uploads\/2021\/05\/2ND-SOMARKETING.BLANC_.png\",\"width\":500,\"height\":500,\"caption\":\"admin1823\"},\"logo\":{\"@id\":\"https:\/\/somarketing.ovh\/#\/schema\/person\/image\/\"},\"sameAs\":[\"http:\/\/somarketing.ovh\"]}]}<\/script>\n<!-- \/ Yoast SEO plugin. -->","yoast_head_json":{"title":"Qui suis-je? | Somarketing","robots":{"index":"index","follow":"follow","max-snippet":"max-snippet:-1","max-image-preview":"max-image-preview:large","max-video-preview":"max-video-preview:-1"},"canonical":"https:\/\/somarketing.ovh\/index.php\/about-us\/","og_locale":"fr_FR","og_type":"article","og_title":"Qui suis-je? | Somarketing","og_description":"QUI SUIS-JE ? Nathalie FABIMarketing et communication freelance Ce qui m&rsquo;anime avant tout c&rsquo;est la croissance de votre business dans ce\u00a0monde en mutation ! MA MISSION Je suis directrice marketing et communication freelance, J&rsquo;\u00e9volue depuis une d\u00e9cennie dans le milieu du marketing. J&rsquo;ai cr\u00e9\u00e9 Somarketing afin de vous aider \u00e0 atteindre vos objectifs. MON OBJECTIF [&hellip;]","og_url":"https:\/\/somarketing.ovh\/index.php\/about-us\/","og_site_name":"Somarketing","article_modified_time":"2021-06-17T20:09:11+00:00","og_image":[{"url":"https:\/\/somarketing.ovh\/wp-content\/uploads\/2021\/05\/Capture-decran-2021-05-10-a-22.49.42-768x785.png"}],"twitter_card":"summary_large_image","twitter_misc":{"Dur\u00e9e de lecture estim\u00e9e":"2 minutes"},"schema":{"@context":"https:\/\/schema.org","@graph":[{"@type":"WebPage","@id":"https:\/\/somarketing.ovh\/index.php\/about-us\/","url":"https:\/\/somarketing.ovh\/index.php\/about-us\/","name":"Qui suis-je? | Somarketing","isPartOf":{"@id":"https:\/\/somarketing.ovh\/#website"},"datePublished":"2016-05-08T17:22:51+00:00","dateModified":"2021-06-17T20:09:11+00:00","breadcrumb":{"@id":"https:\/\/somarketing.ovh\/index.php\/about-us\/#breadcrumb"},"inLanguage":"fr-FR","potentialAction":[{"@type":"ReadAction","target":["https:\/\/somarketing.ovh\/index.php\/about-us\/"]}]},{"@type":"BreadcrumbList","@id":"https:\/\/somarketing.ovh\/index.php\/about-us\/#breadcrumb","itemListElement":[{"@type":"ListItem","position":1,"name":"Accueil","item":"https:\/\/somarketing.ovh\/"},{"@type":"ListItem","position":2,"name":"Qui suis-je?"}]},{"@type":"WebSite","@id":"https:\/\/somarketing.ovh\/#website","url":"https:\/\/somarketing.ovh\/","name":"Somarketing","description":"cr\u00e9ateur de valeur","publisher":{"@id":"https:\/\/somarketing.ovh\/#\/schema\/person\/885fa5910706df3ecdb1067633bbb27a"},"potentialAction":[{"@type":"SearchAction","target":{"@type":"EntryPoint","urlTemplate":"https:\/\/somarketing.ovh\/?s={search_term_string}"},"query-input":"required name=search_term_string"}],"inLanguage":"fr-FR"},{"@type":["Person","Organization"],"@id":"https:\/\/somarketing.ovh\/#\/schema\/person\/885fa5910706df3ecdb1067633bbb27a","name":"admin1823","image":{"@type":"ImageObject","inLanguage":"fr-FR","@id":"https:\/\/somarketing.ovh\/#\/schema\/person\/image\/","url":"https:\/\/somarketing.ovh\/wp-content\/uploads\/2021\/05\/2ND-SOMARKETING.BLANC_.png","contentUrl":"https:\/\/somarketing.ovh\/wp-content\/uploads\/2021\/05\/2ND-SOMARKETING.BLANC_.png","width":500,"height":500,"caption":"admin1823"},"logo":{"@id":"https:\/\/somarketing.ovh\/#\/schema\/person\/image\/"},"sameAs":["http:\/\/somarketing.ovh"]}]}},"_links":{"self":[{"href":"https:\/\/somarketing.ovh\/index.php\/wp-json\/wp\/v2\/pages\/189"}],"collection":[{"href":"https:\/\/somarketing.ovh\/index.php\/wp-json\/wp\/v2\/pages"}],"about":[{"href":"https:\/\/somarketing.ovh\/index.php\/wp-json\/wp\/v2\/types\/page"}],"author":[{"embeddable":true,"href":"https:\/\/somarketing.ovh\/index.php\/wp-json\/wp\/v2\/users\/1"}],"replies":[{"embeddable":true,"href":"https:\/\/somarketing.ovh\/index.php\/wp-json\/wp\/v2\/comments?post=189"}],"version-history":[{"count":111,"href":"https:\/\/somarketing.ovh\/index.php\/wp-json\/wp\/v2\/pages\/189\/revisions"}],"predecessor-version":[{"id":1224,"href":"https:\/\/somarketing.ovh\/index.php\/wp-json\/wp\/v2\/pages\/189\/revisions\/1224"}],"wp:attachment":[{"href":"https:\/\/somarketing.ovh\/index.php\/wp-json\/wp\/v2\/media?parent=189"}],"curies":[{"name":"wp","href":"https:\/\/api.w.org\/{rel}","templated":true}]}}