{"id":479,"date":"2016-11-06T00:11:41","date_gmt":"2016-11-06T00:11:41","guid":{"rendered":"https:\/\/oceanwp.org\/gym\/?page_id=240"},"modified":"2021-06-17T21:23:17","modified_gmt":"2021-06-17T19:23:17","slug":"home-3","status":"publish","type":"page","link":"https:\/\/somarketing.ovh\/","title":{"rendered":"ACCUEIL DEF"},"content":{"rendered":"\t\t<div data-elementor-type=\"wp-page\" data-elementor-id=\"479\" class=\"elementor elementor-479\">\n\t\t\t\t\t\t\t\t\t<section class=\"elementor-section elementor-top-section elementor-element elementor-element-yj8dq0l elementor-section-height-min-height elementor-section-content-middle elementor-section-boxed elementor-section-height-default elementor-section-items-middle\" data-id=\"yj8dq0l\" data-element_type=\"section\" data-settings=\"{&quot;background_background&quot;:&quot;classic&quot;}\">\n\t\t\t\t\t\t\t<div class=\"elementor-background-overlay\"><\/div>\n\t\t\t\t\t\t\t<div class=\"elementor-container elementor-column-gap-default\">\n\t\t\t\t\t<div class=\"elementor-column elementor-col-100 elementor-top-column elementor-element elementor-element-0ixf4xa\" data-id=\"0ixf4xa\" data-element_type=\"column\">\n\t\t\t<div class=\"elementor-widget-wrap elementor-element-populated\">\n\t\t\t\t\t\t\t\t<div class=\"elementor-element elementor-element-yqf7coq hero-title elementor-widget elementor-widget-heading\" data-id=\"yqf7coq\" data-element_type=\"widget\" data-widget_type=\"heading.default\">\n\t\t\t\t<div class=\"elementor-widget-container\">\n\t\t\t<p class=\"elementor-heading-title elementor-size-default\">Je suis Nathalie<\/p>\t\t<\/div>\n\t\t\t\t<\/div>\n\t\t\t\t<div class=\"elementor-element elementor-element-7a16087 elementor-widget elementor-widget-heading\" data-id=\"7a16087\" data-element_type=\"widget\" data-widget_type=\"heading.default\">\n\t\t\t\t<div class=\"elementor-widget-container\">\n\t\t\t<h2 class=\"elementor-heading-title elementor-size-default\">Freelance <br>marketing et communication <br>cr\u00e9ateur de valeur<\/h2>\t\t<\/div>\n\t\t\t\t<\/div>\n\t\t\t\t<section class=\"elementor-section elementor-inner-section elementor-element elementor-element-b2tvf1k elementor-section-boxed elementor-section-height-default elementor-section-height-default\" data-id=\"b2tvf1k\" data-element_type=\"section\">\n\t\t\t\t\t\t<div class=\"elementor-container elementor-column-gap-default\">\n\t\t\t\t\t<div class=\"elementor-column elementor-col-50 elementor-inner-column elementor-element elementor-element-jhosqo5\" data-id=\"jhosqo5\" data-element_type=\"column\">\n\t\t\t<div class=\"elementor-widget-wrap elementor-element-populated\">\n\t\t\t\t\t\t\t\t<div class=\"elementor-element elementor-element-n805xvl elementor-align-right hero-btn elementor-mobile-align-center elementor-widget elementor-widget-button\" data-id=\"n805xvl\" data-element_type=\"widget\" data-widget_type=\"button.default\">\n\t\t\t\t<div class=\"elementor-widget-container\">\n\t\t\t\t\t<div class=\"elementor-button-wrapper\">\n\t\t\t<a href=\"https:\/\/somarketing.ovh\/index.php\/about-us\/\" class=\"elementor-button-link elementor-button elementor-size-sm\" role=\"button\">\n\t\t\t\t\t\t<span class=\"elementor-button-content-wrapper\">\n\t\t\t\t\t\t<span class=\"elementor-button-text\">En savoir plus<\/span>\n\t\t<\/span>\n\t\t\t\t\t<\/a>\n\t\t<\/div>\n\t\t\t\t<\/div>\n\t\t\t\t<\/div>\n\t\t\t\t\t<\/div>\n\t\t<\/div>\n\t\t\t\t<div class=\"elementor-column elementor-col-50 elementor-inner-column elementor-element elementor-element-x9asnz1\" data-id=\"x9asnz1\" data-element_type=\"column\">\n\t\t\t<div class=\"elementor-widget-wrap elementor-element-populated\">\n\t\t\t\t\t\t\t\t<div class=\"elementor-element elementor-element-uiefq2m elementor-align-left hero-btn elementor-mobile-align-center elementor-widget elementor-widget-button\" data-id=\"uiefq2m\" data-element_type=\"widget\" data-widget_type=\"button.default\">\n\t\t\t\t<div class=\"elementor-widget-container\">\n\t\t\t\t\t<div class=\"elementor-button-wrapper\">\n\t\t\t<a href=\"https:\/\/somarketing.ovh\/index.php\/contact-us\/\" class=\"elementor-button-link elementor-button elementor-size-sm\" role=\"button\">\n\t\t\t\t\t\t<span class=\"elementor-button-content-wrapper\">\n\t\t\t\t\t\t<span class=\"elementor-button-text\">Me contacter<\/span>\n\t\t<\/span>\n\t\t\t\t\t<\/a>\n\t\t<\/div>\n\t\t\t\t<\/div>\n\t\t\t\t<\/div>\n\t\t\t\t\t<\/div>\n\t\t<\/div>\n\t\t\t\t\t\t\t<\/div>\n\t\t<\/section>\n\t\t\t\t\t<\/div>\n\t\t<\/div>\n\t\t\t\t\t\t\t<\/div>\n\t\t<\/section>\n\t\t\t\t<section class=\"elementor-section elementor-top-section elementor-element elementor-element-agosbi9 elementor-section-boxed elementor-section-height-default elementor-section-height-default\" data-id=\"agosbi9\" data-element_type=\"section\">\n\t\t\t\t\t\t<div class=\"elementor-container elementor-column-gap-default\">\n\t\t\t\t\t<div class=\"elementor-column elementor-col-33 elementor-top-column elementor-element elementor-element-ef51jsm\" data-id=\"ef51jsm\" data-element_type=\"column\">\n\t\t\t<div class=\"elementor-widget-wrap elementor-element-populated\">\n\t\t\t\t\t\t\t\t<div class=\"elementor-element elementor-element-5ebb3bd elementor-view-default elementor-widget elementor-widget-icon\" data-id=\"5ebb3bd\" data-element_type=\"widget\" data-widget_type=\"icon.default\">\n\t\t\t\t<div class=\"elementor-widget-container\">\n\t\t\t\t\t<div class=\"elementor-icon-wrapper\">\n\t\t\t<div class=\"elementor-icon\">\n\t\t\t<i aria-hidden=\"true\" class=\"far fa-hand-point-right\"><\/i>\t\t\t<\/div>\n\t\t<\/div>\n\t\t\t\t<\/div>\n\t\t\t\t<\/div>\n\t\t\t\t\t<\/div>\n\t\t<\/div>\n\t\t\t\t<div class=\"elementor-column elementor-col-33 elementor-top-column elementor-element elementor-element-tfzdq28\" data-id=\"tfzdq28\" data-element_type=\"column\">\n\t\t\t<div class=\"elementor-widget-wrap elementor-element-populated\">\n\t\t\t\t\t\t\t\t<div class=\"elementor-element elementor-element-9ynwqsk elementor-widget elementor-widget-heading\" data-id=\"9ynwqsk\" data-element_type=\"widget\" data-widget_type=\"heading.default\">\n\t\t\t\t<div class=\"elementor-widget-container\">\n\t\t\t<h2 class=\"elementor-heading-title elementor-size-default\">g\u00e9n\u00e9rer de la croissance en mode agile<\/h2>\t\t<\/div>\n\t\t\t\t<\/div>\n\t\t\t\t<div class=\"elementor-element elementor-element-fbhyq2s elementor-widget elementor-widget-text-editor\" data-id=\"fbhyq2s\" data-element_type=\"widget\" data-widget_type=\"text-editor.default\">\n\t\t\t\t<div class=\"elementor-widget-container\">\n\t\t\t\t\t\t\t<p>Vous souhaitez vous appuyer sur une d\u00e9marche marketing conqu\u00e9rante et argument\u00e9e pour r\u00e9ussir le d\u00e9veloppement de votre entreprise ?<\/p><p>Faire du digital un levier de visibilit\u00e9 et de d\u00e9veloppement d\u2019affaires et\u00a0mettre en place un dispositif d&rsquo;animation comme un\u00a0plan marketing ou une strat\u00e9gie d&rsquo;acquisition et de conversion?<\/p><p>Am\u00e9liorer votre parcours et relation client, exploiter le potentiel de la data, mieux piloter vos prestataires?<\/p><p>contactez-moi !<\/p>\t\t\t\t\t\t<\/div>\n\t\t\t\t<\/div>\n\t\t\t\t\t<\/div>\n\t\t<\/div>\n\t\t\t\t<div class=\"elementor-column elementor-col-33 elementor-top-column elementor-element elementor-element-l2vxdft\" data-id=\"l2vxdft\" data-element_type=\"column\">\n\t\t\t<div class=\"elementor-widget-wrap elementor-element-populated\">\n\t\t\t\t\t\t\t\t<div class=\"elementor-element elementor-element-dfd8337 elementor-view-default elementor-widget elementor-widget-icon\" data-id=\"dfd8337\" data-element_type=\"widget\" data-widget_type=\"icon.default\">\n\t\t\t\t<div class=\"elementor-widget-container\">\n\t\t\t\t\t<div class=\"elementor-icon-wrapper\">\n\t\t\t<div class=\"elementor-icon\">\n\t\t\t<i aria-hidden=\"true\" class=\"fas fa-chart-line\"><\/i>\t\t\t<\/div>\n\t\t<\/div>\n\t\t\t\t<\/div>\n\t\t\t\t<\/div>\n\t\t\t\t\t<\/div>\n\t\t<\/div>\n\t\t\t\t\t\t\t<\/div>\n\t\t<\/section>\n\t\t\t\t<section class=\"elementor-section elementor-top-section elementor-element elementor-element-4ae2059f elementor-section-boxed elementor-section-height-default elementor-section-height-default\" data-id=\"4ae2059f\" data-element_type=\"section\" data-settings=\"{&quot;background_background&quot;:&quot;classic&quot;}\">\n\t\t\t\t\t\t\t<div class=\"elementor-background-overlay\"><\/div>\n\t\t\t\t\t\t\t<div class=\"elementor-container elementor-column-gap-default\">\n\t\t\t\t\t<div class=\"elementor-column elementor-col-33 elementor-top-column elementor-element elementor-element-2eedf7bc\" data-id=\"2eedf7bc\" data-element_type=\"column\" data-settings=\"{&quot;background_background&quot;:&quot;classic&quot;}\">\n\t\t\t<div class=\"elementor-widget-wrap elementor-element-populated\">\n\t\t\t\t\t<div class=\"elementor-background-overlay\"><\/div>\n\t\t\t\t\t\t\t\t<div class=\"elementor-element elementor-element-6c9e7dea elementor-view-stacked elementor-shape-circle elementor-mobile-position-top elementor-vertical-align-top elementor-widget elementor-widget-icon-box\" data-id=\"6c9e7dea\" data-element_type=\"widget\" data-widget_type=\"icon-box.default\">\n\t\t\t\t<div class=\"elementor-widget-container\">\n\t\t\t\t\t<div class=\"elementor-icon-box-wrapper\">\n\t\t\t\t\t\t<div class=\"elementor-icon-box-icon\">\n\t\t\t\t<span class=\"elementor-icon elementor-animation-\" >\n\t\t\t\t<i aria-hidden=\"true\" class=\"fas fa-photo-video\"><\/i>\t\t\t\t<\/span>\n\t\t\t<\/div>\n\t\t\t\t\t\t<div class=\"elementor-icon-box-content\">\n\t\t\t\t<h3 class=\"elementor-icon-box-title\">\n\t\t\t\t\t<span  >\n\t\t\t\t\t\tExpertise\t\t\t\t\t<\/span>\n\t\t\t\t<\/h3>\n\t\t\t\t\t\t\t\t\t<p class=\"elementor-icon-box-description\">\n\t\t\t\t\t\tIls m'ont fait confiance\t\t\t\t\t<\/p>\n\t\t\t\t\t\t\t<\/div>\n\t\t<\/div>\n\t\t\t\t<\/div>\n\t\t\t\t<\/div>\n\t\t\t\t<div class=\"elementor-element elementor-element-7d511579 elementor-align-center elementor-widget elementor-widget-button\" data-id=\"7d511579\" data-element_type=\"widget\" data-widget_type=\"button.default\">\n\t\t\t\t<div class=\"elementor-widget-container\">\n\t\t\t\t\t<div class=\"elementor-button-wrapper\">\n\t\t\t<a href=\"https:\/\/somarketing.ovh\/index.php\/trainers\/\" class=\"elementor-button-link elementor-button elementor-size-sm elementor-animation-shrink\" role=\"button\">\n\t\t\t\t\t\t<span class=\"elementor-button-content-wrapper\">\n\t\t\t\t\t\t<span class=\"elementor-button-text\">Mon portfolio<\/span>\n\t\t<\/span>\n\t\t\t\t\t<\/a>\n\t\t<\/div>\n\t\t\t\t<\/div>\n\t\t\t\t<\/div>\n\t\t\t\t\t<\/div>\n\t\t<\/div>\n\t\t\t\t<div class=\"elementor-column elementor-col-33 elementor-top-column elementor-element elementor-element-35873d4a\" data-id=\"35873d4a\" data-element_type=\"column\" data-settings=\"{&quot;background_background&quot;:&quot;classic&quot;}\">\n\t\t\t<div class=\"elementor-widget-wrap elementor-element-populated\">\n\t\t\t\t\t<div class=\"elementor-background-overlay\"><\/div>\n\t\t\t\t\t\t\t\t<div class=\"elementor-element elementor-element-7877cbe4 elementor-view-stacked elementor-shape-circle elementor-mobile-position-top elementor-vertical-align-top elementor-widget elementor-widget-icon-box\" data-id=\"7877cbe4\" data-element_type=\"widget\" data-widget_type=\"icon-box.default\">\n\t\t\t\t<div class=\"elementor-widget-container\">\n\t\t\t\t\t<div class=\"elementor-icon-box-wrapper\">\n\t\t\t\t\t\t<div class=\"elementor-icon-box-icon\">\n\t\t\t\t<span class=\"elementor-icon elementor-animation-\" >\n\t\t\t\t<i aria-hidden=\"true\" class=\"fas fa-camera-retro\"><\/i>\t\t\t\t<\/span>\n\t\t\t<\/div>\n\t\t\t\t\t\t<div class=\"elementor-icon-box-content\">\n\t\t\t\t<h3 class=\"elementor-icon-box-title\">\n\t\t\t\t\t<span  >\n\t\t\t\t\t\tActualit\u00e9s\t\t\t\t\t<\/span>\n\t\t\t\t<\/h3>\n\t\t\t\t\t\t\t\t\t<p class=\"elementor-icon-box-description\">\n\t\t\t\t\t\tUn regard sur l'actualit\u00e9\t\t\t\t\t<\/p>\n\t\t\t\t\t\t\t<\/div>\n\t\t<\/div>\n\t\t\t\t<\/div>\n\t\t\t\t<\/div>\n\t\t\t\t<div class=\"elementor-element elementor-element-47a003e5 elementor-align-center elementor-widget elementor-widget-button\" data-id=\"47a003e5\" data-element_type=\"widget\" data-widget_type=\"button.default\">\n\t\t\t\t<div class=\"elementor-widget-container\">\n\t\t\t\t\t<div class=\"elementor-button-wrapper\">\n\t\t\t<a href=\"https:\/\/somarketing.ovh\/index.php\/news\/\" class=\"elementor-button-link elementor-button elementor-size-sm elementor-animation-shrink\" role=\"button\">\n\t\t\t\t\t\t<span class=\"elementor-button-content-wrapper\">\n\t\t\t\t\t\t<span class=\"elementor-button-text\">News<\/span>\n\t\t<\/span>\n\t\t\t\t\t<\/a>\n\t\t<\/div>\n\t\t\t\t<\/div>\n\t\t\t\t<\/div>\n\t\t\t\t\t<\/div>\n\t\t<\/div>\n\t\t\t\t<div class=\"elementor-column elementor-col-33 elementor-top-column elementor-element elementor-element-7c77850b\" data-id=\"7c77850b\" data-element_type=\"column\" data-settings=\"{&quot;background_background&quot;:&quot;classic&quot;}\">\n\t\t\t<div class=\"elementor-widget-wrap elementor-element-populated\">\n\t\t\t\t\t<div class=\"elementor-background-overlay\"><\/div>\n\t\t\t\t\t\t\t\t<div class=\"elementor-element elementor-element-7f2af3e0 elementor-view-stacked elementor-shape-circle elementor-mobile-position-top elementor-vertical-align-top elementor-widget elementor-widget-icon-box\" data-id=\"7f2af3e0\" data-element_type=\"widget\" data-widget_type=\"icon-box.default\">\n\t\t\t\t<div class=\"elementor-widget-container\">\n\t\t\t\t\t<div class=\"elementor-icon-box-wrapper\">\n\t\t\t\t\t\t<div class=\"elementor-icon-box-icon\">\n\t\t\t\t<span class=\"elementor-icon elementor-animation-\" >\n\t\t\t\t<i aria-hidden=\"true\" class=\"fas fa-home\"><\/i>\t\t\t\t<\/span>\n\t\t\t<\/div>\n\t\t\t\t\t\t<div class=\"elementor-icon-box-content\">\n\t\t\t\t<h3 class=\"elementor-icon-box-title\">\n\t\t\t\t\t<span  >\n\t\t\t\t\t\tFormation\t\t\t\t\t<\/span>\n\t\t\t\t<\/h3>\n\t\t\t\t\t\t\t\t\t<p class=\"elementor-icon-box-description\">\n\t\t\t\t\t\tPourquoi travailler avec moi ?\t\t\t\t\t<\/p>\n\t\t\t\t\t\t\t<\/div>\n\t\t<\/div>\n\t\t\t\t<\/div>\n\t\t\t\t<\/div>\n\t\t\t\t<div class=\"elementor-element elementor-element-33a50b6d elementor-align-center elementor-widget elementor-widget-button\" data-id=\"33a50b6d\" data-element_type=\"widget\" data-widget_type=\"button.default\">\n\t\t\t\t<div class=\"elementor-widget-container\">\n\t\t\t\t\t<div class=\"elementor-button-wrapper\">\n\t\t\t<a href=\"https:\/\/somarketing.ovh\/index.php\/about-us\/\" class=\"elementor-button-link elementor-button elementor-size-sm elementor-animation-shrink\" role=\"button\">\n\t\t\t\t\t\t<span class=\"elementor-button-content-wrapper\">\n\t\t\t\t\t\t<span class=\"elementor-button-text\">Qui suis-je ?<\/span>\n\t\t<\/span>\n\t\t\t\t\t<\/a>\n\t\t<\/div>\n\t\t\t\t<\/div>\n\t\t\t\t<\/div>\n\t\t\t\t\t<\/div>\n\t\t<\/div>\n\t\t\t\t\t\t\t<\/div>\n\t\t<\/section>\n\t\t\t\t<section class=\"elementor-section elementor-top-section elementor-element elementor-element-7e2267e8 elementor-section-content-middle elementor-section-boxed elementor-section-height-default elementor-section-height-default\" data-id=\"7e2267e8\" data-element_type=\"section\">\n\t\t\t\t\t\t<div class=\"elementor-container elementor-column-gap-no\">\n\t\t\t\t\t<div class=\"elementor-column elementor-col-50 elementor-top-column elementor-element elementor-element-cc0ed7f\" data-id=\"cc0ed7f\" data-element_type=\"column\">\n\t\t\t<div class=\"elementor-widget-wrap elementor-element-populated\">\n\t\t\t\t\t\t\t\t<div class=\"elementor-element elementor-element-53b32bb6 elementor-widget elementor-widget-heading\" data-id=\"53b32bb6\" data-element_type=\"widget\" data-widget_type=\"heading.default\">\n\t\t\t\t<div class=\"elementor-widget-container\">\n\t\t\t<h2 class=\"elementor-heading-title elementor-size-default\">Besoin d'un renseignement? <\/h2>\t\t<\/div>\n\t\t\t\t<\/div>\n\t\t\t\t\t<\/div>\n\t\t<\/div>\n\t\t\t\t<div class=\"elementor-column elementor-col-50 elementor-top-column elementor-element elementor-element-564e5254\" data-id=\"564e5254\" data-element_type=\"column\">\n\t\t\t<div class=\"elementor-widget-wrap elementor-element-populated\">\n\t\t\t\t\t\t\t\t<div class=\"elementor-element elementor-element-268d5463 elementor-align-left elementor-mobile-align-center elementor-tablet-align-center elementor-widget elementor-widget-button\" data-id=\"268d5463\" data-element_type=\"widget\" data-widget_type=\"button.default\">\n\t\t\t\t<div class=\"elementor-widget-container\">\n\t\t\t\t\t<div class=\"elementor-button-wrapper\">\n\t\t\t<a href=\"https:\/\/somarketing.ovh\/index.php\/contact-us\/\" class=\"elementor-button-link elementor-button elementor-size-sm elementor-animation-grow\" role=\"button\">\n\t\t\t\t\t\t<span class=\"elementor-button-content-wrapper\">\n\t\t\t\t\t\t<span class=\"elementor-button-text\">Contactez moi<\/span>\n\t\t<\/span>\n\t\t\t\t\t<\/a>\n\t\t<\/div>\n\t\t\t\t<\/div>\n\t\t\t\t<\/div>\n\t\t\t\t\t<\/div>\n\t\t<\/div>\n\t\t\t\t\t\t\t<\/div>\n\t\t<\/section>\n\t\t\t\t\t\t\t<\/div>\n\t\t","protected":false},"excerpt":{"rendered":"<p>Je suis Nathalie Freelance marketing et communication cr\u00e9ateur de valeur En savoir plus Me contacter g\u00e9n\u00e9rer de la croissance en mode agile Vous souhaitez vous appuyer sur une d\u00e9marche marketing conqu\u00e9rante et argument\u00e9e pour r\u00e9ussir le d\u00e9veloppement de votre entreprise ? Faire du digital un levier de visibilit\u00e9 et de d\u00e9veloppement d\u2019affaires et\u00a0mettre en place [&hellip;]<\/p>\n","protected":false},"author":1,"featured_media":0,"parent":0,"menu_order":0,"comment_status":"closed","ping_status":"closed","template":"","meta":[],"yoast_head":"<!-- This site is optimized with the Yoast SEO plugin v19.10 - https:\/\/yoast.com\/wordpress\/plugins\/seo\/ -->\n<title>ACCUEIL DEF | Somarketing<\/title>\n<meta name=\"robots\" content=\"index, follow, max-snippet:-1, max-image-preview:large, max-video-preview:-1\" \/>\n<link rel=\"canonical\" href=\"https:\/\/somarketing.ovh\/\" \/>\n<meta property=\"og:locale\" content=\"fr_FR\" \/>\n<meta property=\"og:type\" content=\"article\" \/>\n<meta property=\"og:title\" content=\"ACCUEIL DEF | Somarketing\" \/>\n<meta property=\"og:description\" content=\"Je suis Nathalie Freelance marketing et communication cr\u00e9ateur de valeur En savoir plus Me contacter g\u00e9n\u00e9rer de la croissance en mode agile Vous souhaitez vous appuyer sur une d\u00e9marche marketing conqu\u00e9rante et argument\u00e9e pour r\u00e9ussir le d\u00e9veloppement de votre entreprise ? Faire du digital un levier de visibilit\u00e9 et de d\u00e9veloppement d\u2019affaires et\u00a0mettre en place [&hellip;]\" \/>\n<meta property=\"og:url\" content=\"https:\/\/somarketing.ovh\/\" \/>\n<meta property=\"og:site_name\" content=\"Somarketing\" \/>\n<meta property=\"article:modified_time\" content=\"2021-06-17T19:23:17+00:00\" \/>\n<meta name=\"twitter:card\" content=\"summary_large_image\" \/>\n<meta name=\"twitter:label1\" content=\"Dur\u00e9e de lecture estim\u00e9e\" \/>\n\t<meta name=\"twitter:data1\" content=\"1 minute\" \/>\n<script type=\"application\/ld+json\" class=\"yoast-schema-graph\">{\"@context\":\"https:\/\/schema.org\",\"@graph\":[{\"@type\":\"WebPage\",\"@id\":\"https:\/\/somarketing.ovh\/\",\"url\":\"https:\/\/somarketing.ovh\/\",\"name\":\"ACCUEIL DEF | Somarketing\",\"isPartOf\":{\"@id\":\"https:\/\/somarketing.ovh\/#website\"},\"datePublished\":\"2016-11-06T00:11:41+00:00\",\"dateModified\":\"2021-06-17T19:23:17+00:00\",\"breadcrumb\":{\"@id\":\"https:\/\/somarketing.ovh\/#breadcrumb\"},\"inLanguage\":\"fr-FR\",\"potentialAction\":[{\"@type\":\"ReadAction\",\"target\":[\"https:\/\/somarketing.ovh\/\"]}]},{\"@type\":\"BreadcrumbList\",\"@id\":\"https:\/\/somarketing.ovh\/#breadcrumb\",\"itemListElement\":[{\"@type\":\"ListItem\",\"position\":1,\"name\":\"Accueil\",\"item\":\"https:\/\/somarketing.ovh\/\"},{\"@type\":\"ListItem\",\"position\":2,\"name\":\"ACCUEIL DEF\"}]},{\"@type\":\"WebSite\",\"@id\":\"https:\/\/somarketing.ovh\/#website\",\"url\":\"https:\/\/somarketing.ovh\/\",\"name\":\"Somarketing\",\"description\":\"cr\u00e9ateur de valeur\",\"publisher\":{\"@id\":\"https:\/\/somarketing.ovh\/#\/schema\/person\/885fa5910706df3ecdb1067633bbb27a\"},\"potentialAction\":[{\"@type\":\"SearchAction\",\"target\":{\"@type\":\"EntryPoint\",\"urlTemplate\":\"https:\/\/somarketing.ovh\/?s={search_term_string}\"},\"query-input\":\"required name=search_term_string\"}],\"inLanguage\":\"fr-FR\"},{\"@type\":[\"Person\",\"Organization\"],\"@id\":\"https:\/\/somarketing.ovh\/#\/schema\/person\/885fa5910706df3ecdb1067633bbb27a\",\"name\":\"admin1823\",\"image\":{\"@type\":\"ImageObject\",\"inLanguage\":\"fr-FR\",\"@id\":\"https:\/\/somarketing.ovh\/#\/schema\/person\/image\/\",\"url\":\"https:\/\/somarketing.ovh\/wp-content\/uploads\/2021\/05\/2ND-SOMARKETING.BLANC_.png\",\"contentUrl\":\"https:\/\/somarketing.ovh\/wp-content\/uploads\/2021\/05\/2ND-SOMARKETING.BLANC_.png\",\"width\":500,\"height\":500,\"caption\":\"admin1823\"},\"logo\":{\"@id\":\"https:\/\/somarketing.ovh\/#\/schema\/person\/image\/\"},\"sameAs\":[\"http:\/\/somarketing.ovh\"]}]}<\/script>\n<!-- \/ Yoast SEO plugin. -->","yoast_head_json":{"title":"ACCUEIL DEF | Somarketing","robots":{"index":"index","follow":"follow","max-snippet":"max-snippet:-1","max-image-preview":"max-image-preview:large","max-video-preview":"max-video-preview:-1"},"canonical":"https:\/\/somarketing.ovh\/","og_locale":"fr_FR","og_type":"article","og_title":"ACCUEIL DEF | Somarketing","og_description":"Je suis Nathalie Freelance marketing et communication cr\u00e9ateur de valeur En savoir plus Me contacter g\u00e9n\u00e9rer de la croissance en mode agile Vous souhaitez vous appuyer sur une d\u00e9marche marketing conqu\u00e9rante et argument\u00e9e pour r\u00e9ussir le d\u00e9veloppement de votre entreprise ? Faire du digital un levier de visibilit\u00e9 et de d\u00e9veloppement d\u2019affaires et\u00a0mettre en place [&hellip;]","og_url":"https:\/\/somarketing.ovh\/","og_site_name":"Somarketing","article_modified_time":"2021-06-17T19:23:17+00:00","twitter_card":"summary_large_image","twitter_misc":{"Dur\u00e9e de lecture estim\u00e9e":"1 minute"},"schema":{"@context":"https:\/\/schema.org","@graph":[{"@type":"WebPage","@id":"https:\/\/somarketing.ovh\/","url":"https:\/\/somarketing.ovh\/","name":"ACCUEIL DEF | Somarketing","isPartOf":{"@id":"https:\/\/somarketing.ovh\/#website"},"datePublished":"2016-11-06T00:11:41+00:00","dateModified":"2021-06-17T19:23:17+00:00","breadcrumb":{"@id":"https:\/\/somarketing.ovh\/#breadcrumb"},"inLanguage":"fr-FR","potentialAction":[{"@type":"ReadAction","target":["https:\/\/somarketing.ovh\/"]}]},{"@type":"BreadcrumbList","@id":"https:\/\/somarketing.ovh\/#breadcrumb","itemListElement":[{"@type":"ListItem","position":1,"name":"Accueil","item":"https:\/\/somarketing.ovh\/"},{"@type":"ListItem","position":2,"name":"ACCUEIL DEF"}]},{"@type":"WebSite","@id":"https:\/\/somarketing.ovh\/#website","url":"https:\/\/somarketing.ovh\/","name":"Somarketing","description":"cr\u00e9ateur de valeur","publisher":{"@id":"https:\/\/somarketing.ovh\/#\/schema\/person\/885fa5910706df3ecdb1067633bbb27a"},"potentialAction":[{"@type":"SearchAction","target":{"@type":"EntryPoint","urlTemplate":"https:\/\/somarketing.ovh\/?s={search_term_string}"},"query-input":"required name=search_term_string"}],"inLanguage":"fr-FR"},{"@type":["Person","Organization"],"@id":"https:\/\/somarketing.ovh\/#\/schema\/person\/885fa5910706df3ecdb1067633bbb27a","name":"admin1823","image":{"@type":"ImageObject","inLanguage":"fr-FR","@id":"https:\/\/somarketing.ovh\/#\/schema\/person\/image\/","url":"https:\/\/somarketing.ovh\/wp-content\/uploads\/2021\/05\/2ND-SOMARKETING.BLANC_.png","contentUrl":"https:\/\/somarketing.ovh\/wp-content\/uploads\/2021\/05\/2ND-SOMARKETING.BLANC_.png","width":500,"height":500,"caption":"admin1823"},"logo":{"@id":"https:\/\/somarketing.ovh\/#\/schema\/person\/image\/"},"sameAs":["http:\/\/somarketing.ovh"]}]}},"_links":{"self":[{"href":"https:\/\/somarketing.ovh\/index.php\/wp-json\/wp\/v2\/pages\/479"}],"collection":[{"href":"https:\/\/somarketing.ovh\/index.php\/wp-json\/wp\/v2\/pages"}],"about":[{"href":"https:\/\/somarketing.ovh\/index.php\/wp-json\/wp\/v2\/types\/page"}],"author":[{"embeddable":true,"href":"https:\/\/somarketing.ovh\/index.php\/wp-json\/wp\/v2\/users\/1"}],"replies":[{"embeddable":true,"href":"https:\/\/somarketing.ovh\/index.php\/wp-json\/wp\/v2\/comments?post=479"}],"version-history":[{"count":144,"href":"https:\/\/somarketing.ovh\/index.php\/wp-json\/wp\/v2\/pages\/479\/revisions"}],"predecessor-version":[{"id":1221,"href":"https:\/\/somarketing.ovh\/index.php\/wp-json\/wp\/v2\/pages\/479\/revisions\/1221"}],"wp:attachment":[{"href":"https:\/\/somarketing.ovh\/index.php\/wp-json\/wp\/v2\/media?parent=479"}],"curies":[{"name":"wp","href":"https:\/\/api.w.org\/{rel}","templated":true}]}}